{"id":19835,"date":"2019-06-21T09:36:56","date_gmt":"2019-06-21T09:36:56","guid":{"rendered":"https:\/\/irinabalescu.ro\/?page_id=19835"},"modified":"2023-04-18T10:44:49","modified_gmt":"2023-04-18T10:44:49","slug":"interventii-chirurgicale","status":"publish","type":"page","link":"https:\/\/irinabalescu.ro\/en\/interventii-chirurgicale\/","title":{"rendered":"Surgery"},"content":{"rendered":"<section class=\"wpb-content-wrapper\"><p><style data-id=\"designthemes\" type=\"text\/css\">.vc_custom_1681814685784{padding-top: 80px !important;padding-bottom: 40px !important;}<\/style><div  data-delay=\"0\" data-vc-full-width=\"true\" data-vc-full-width-init=\"false\" class=\"vc_row wpb_row vc_row-fluid ae-new-car vc_custom_1681814685784\"><div class=\"wpb_column vc_column_container vc_col-sm-12\" data-delay=\"0\"><div class=\"vc_column-inner\"><div class=\"wpb_wrapper\"><style data-id=\"designthemes\" type=\"text\/css\">.vc_custom_1680864765510{margin-bottom: 0px !important;}<\/style><h6 style=\"text-align: center\" class=\"vc_custom_heading vc_custom_1680864765510\" >CHOOSE A BETTER LIFE<\/h6><h2 style=\"color: #3d3b8c;text-align: center\" class=\"vc_custom_heading\" ><\/h2><div id=\"1681407502161-8741ebaa-07fd\" class=\"dt-sc-empty-space\"><\/div>\t\t<section class=\"tdt-slider slider  default-tdt\" id=\"tdt-slider-369\" data-mobiles=\"1\" data-tabs=\"1\" data-scrolltab=\"1\" data-scrollmbl=\"1\" data-slick='{\"arrows\": false, \"autoplaySpeed\": 2500, \"speed\": 500, \"dots\": true, \"autoplay\": true, \"infinite\": true, \"adaptiveHeight\": false, \"pauseOnHover\": true, \"slidesToShow\": 3, \"slidesToScroll\": 1, \"fade\": false}'>\r\n\t\t    \t\t<div class=\"carousel-caption\" style=\"background: none;\">\r\n\t\t  <div>\r\n\t\t  \t\t\t  \t\t<a class=\"\" href=\"https:\/\/irinabalescu.ro\/en\/procedure\/plicatura-gastrica\/\" target=\"\" title=\"\" data-slide=\"false\" >\r\n\t\t\t\t\t\t\t\t\t  \t<img src=\"https:\/\/irinabalescu.ro\/wp-content\/uploads\/2023\/04\/Imagini-servicii_5_180423.jpg\" alt=\"\" class=\"ultimate-slide-img\" style=\"max-width: 100%; width: ; height: 290; border-radius: ; margin-bottom: 15px;\">\r\n\t\t\t\t\t\t\t\t\t\t<\/a>\r\n\t\t\t\t\t  \t<span class=\"content-section\" style=\"text-align: center; display: block;\">\r\n\t\t  \t\t\t\t\t\t  \t<h2 class=\"tdt-slider-heading\" style=\"font-size: 22; color: ; font-weight: normal; line-height: 1;\">\r\n\t\t\t\t  \t\tGastric Fold Surgery\t\t\t\t  \t<\/h2>\r\n\t\t\t  \t\t\t\t  \t\t\t\t\t  \t<span class=\"heading-line\" style=\"display: block;\">\r\n\t\t\t\t  \t\t<span class=\"heading-line\" style=\"width: 50; border-bottom: 0px solid #fff; display: inline-block;\"><\/span>\r\n\t\t\t\t  \t<\/span>\r\n\t\t\t  \t\t\t\t  \t\r\n\t\t\t  \t\n<p style=\"text-align: center;\">A surgical intervention intended for patients suffering from overweight and obesity of degree\u2026<\/p>\n<p><br>\r\n\r\n\t\t\t  \t\t\t\t\t  \t<span class=\"carousel_btn_span\" style=\"text-align: center;\">\r\n\t\t\t\t  \t\t<a href=\"https:\/\/irinabalescu.ro\/en\/procedure\/plicatura-gastrica\/\" target=\"\" title=\"\" class=\"ultimate_carousel_btn\" style=\"padding: 15px 50px; font-size: 15px; border: 0px solid #fff; border-radius: 0px; color: #fff; background-color: #262680;\">\r\n\t\t\t\t\t  \t\tDETAILS\t\t\t\t\t  \t<\/a>\r\n\t\t\t\t\t<\/span>\r\n\t\t\t  \t\t\t  \t<\/span>\r\n\t\t  <\/div>\r\n\t\t<\/div>\r\n\t\t\t\t<div class=\"carousel-caption\" style=\"background: none;\">\r\n\t\t  <div>\r\n\t\t  \t\t\t  \t\t<a class=\"\" href=\"https:\/\/irinabalescu.ro\/en\/procedure\/gastric-bypass\/\" target=\"\" title=\"\" data-slide=\"false\" >\r\n\t\t\t\t\t\t\t\t\t  \t<img src=\"https:\/\/irinabalescu.ro\/wp-content\/uploads\/2023\/04\/Imagini-servicii_2_180423.jpg\" alt=\"\" class=\"ultimate-slide-img\" style=\"max-width: 100%; width: ; height: 160; border-radius: ; margin-bottom: 15px;\">\r\n\t\t\t\t\t\t\t\t\t\t<\/a>\r\n\t\t\t\t\t  \t<span class=\"content-section\" style=\"text-align: center; display: block;\">\r\n\t\t  \t\t\t\t\t\t  \t<h2 class=\"tdt-slider-heading\" style=\"font-size: 22; color: ; font-weight: normal; line-height: 1;\">\r\n\t\t\t\t  \t\tGastric  Bypass\t\t\t\t  \t<\/h2>\r\n\t\t\t  \t\t\t\t  \t\t\t\t\t  \t<span class=\"heading-line\" style=\"display: block;\">\r\n\t\t\t\t  \t\t<span class=\"heading-line\" style=\"width: 50; border-bottom: 0px solid #fff; display: inline-block;\"><\/span>\r\n\t\t\t\t  \t<\/span>\r\n\t\t\t  \t\t\t\t  \t\r\n\t\t\t  \t<\/p>\n<p style=\"text-align: center;\">Gastric bypass surgery is one of the most commonly requested anti-obesity interventions...<\/p>\n<p><br>\r\n\r\n\t\t\t  \t\t\t\t\t  \t<span class=\"carousel_btn_span\" style=\"text-align: center;\">\r\n\t\t\t\t  \t\t<a href=\"https:\/\/irinabalescu.ro\/en\/procedure\/gastric-bypass\/\" target=\"\" title=\"\" class=\"ultimate_carousel_btn\" style=\"padding: 15px 50px; font-size: 15px; border: 0px solid #fff; border-radius: 0px; color: #fff; background-color: #262680;\">\r\n\t\t\t\t\t  \t\tDETAILS\t\t\t\t\t  \t<\/a>\r\n\t\t\t\t\t<\/span>\r\n\t\t\t  \t\t\t  \t<\/span>\r\n\t\t  <\/div>\r\n\t\t<\/div>\r\n\t\t\t\t<div class=\"carousel-caption\" style=\"background: none;\">\r\n\t\t  <div>\r\n\t\t  \t\t\t  \t\t<a class=\"\" href=\"https:\/\/irinabalescu.ro\/en\/procedure\/gastric-sleeve\/\" target=\"\" title=\"\" data-slide=\"false\" >\r\n\t\t\t\t\t\t\t\t\t  \t<img src=\"https:\/\/irinabalescu.ro\/wp-content\/uploads\/2023\/04\/Imagini-servicii_4_180423.jpg\" alt=\"\" class=\"ultimate-slide-img\" style=\"max-width: 100%; width: ; height: ; border-radius: ; margin-bottom: 15px;\">\r\n\t\t\t\t\t\t\t\t\t\t<\/a>\r\n\t\t\t\t\t  \t<span class=\"content-section\" style=\"text-align: center; display: block;\">\r\n\t\t  \t\t\t\t\t\t  \t<h2 class=\"tdt-slider-heading\" style=\"font-size: 22; color: ; font-weight: normal; line-height: 1;\">\r\n\t\t\t\t  \t\tGastric Sleeve\t\t\t\t  \t<\/h2>\r\n\t\t\t  \t\t\t\t  \t\t\t\t\t  \t<span class=\"heading-line\" style=\"display: block;\">\r\n\t\t\t\t  \t\t<span class=\"heading-line\" style=\"width: 50; border-bottom: 0px solid #fff; display: inline-block;\"><\/span>\r\n\t\t\t\t  \t<\/span>\r\n\t\t\t  \t\t\t\t  \t\r\n\t\t\t  \t<\/p>\n<p style=\"text-align: center;\">This minimally invasive procedure involves making several abdominal peritoneal incisions...<\/p>\n<p><br>\r\n\r\n\t\t\t  \t\t\t\t\t  \t<span class=\"carousel_btn_span\" style=\"text-align: center;\">\r\n\t\t\t\t  \t\t<a href=\"https:\/\/irinabalescu.ro\/en\/procedure\/gastric-sleeve\/\" target=\"\" title=\"\" class=\"ultimate_carousel_btn\" style=\"padding: 15px 50px; font-size: 15px; border: 0px solid #fff; border-radius: 0px; color: #fff; background-color: #262680;\">\r\n\t\t\t\t\t  \t\tDETAILS\t\t\t\t\t  \t<\/a>\r\n\t\t\t\t\t<\/span>\r\n\t\t\t  \t\t\t  \t<\/span>\r\n\t\t  <\/div>\r\n\t\t<\/div>\r\n\t\t\t\t<div class=\"carousel-caption\" style=\"background: none;\">\r\n\t\t  <div>\r\n\t\t  \t\t\t  \t\t<a class=\"\" href=\"https:\/\/irinabalescu.ro\/en\/procedure\/chirurgie-laparoscopica\/\" target=\"\" title=\"\" data-slide=\"false\" >\r\n\t\t\t\t\t\t\t\t\t  \t<img src=\"https:\/\/irinabalescu.ro\/wp-content\/uploads\/2023\/04\/Imagini-servicii_1_180423.jpg\" alt=\"\" class=\"ultimate-slide-img\" style=\"max-width: 100%; width: ; height: ; border-radius: ; margin-bottom: 15px;\">\r\n\t\t\t\t\t\t\t\t\t\t<\/a>\r\n\t\t\t\t\t  \t<span class=\"content-section\" style=\"text-align: center; display: block;\">\r\n\t\t  \t\t\t\t\t\t  \t<h2 class=\"tdt-slider-heading\" style=\"font-size: 22; color: ; font-weight: normal; line-height: 1;\">\r\n\t\t\t\t  \t\tLaparoscopic Surgery\t\t\t\t  \t<\/h2>\r\n\t\t\t  \t\t\t\t  \t\t\t\t\t  \t<span class=\"heading-line\" style=\"display: block;\">\r\n\t\t\t\t  \t\t<span class=\"heading-line\" style=\"width: 50; border-bottom: 0px solid #fff; display: inline-block;\"><\/span>\r\n\t\t\t\t  \t<\/span>\r\n\t\t\t  \t\t\t\t  \t\r\n\t\t\t  \t<\/p>\n<p style=\"text-align: center;\">This minimally invasive procedure involves making several abdominal peritoneal incisions...<\/p>\n<p><br>\r\n\r\n\t\t\t  \t\t\t\t\t  \t<span class=\"carousel_btn_span\" style=\"text-align: center;\">\r\n\t\t\t\t  \t\t<a href=\"https:\/\/irinabalescu.ro\/en\/procedure\/chirurgie-laparoscopica\/\" target=\"\" title=\"\" class=\"ultimate_carousel_btn\" style=\"padding: 15px 50px; font-size: 15px; border: 0px solid #fff; border-radius: 0px; color: #fff; background-color: #262680;\">\r\n\t\t\t\t\t  \t\tDETAILS\t\t\t\t\t  \t<\/a>\r\n\t\t\t\t\t<\/span>\r\n\t\t\t  \t\t\t  \t<\/span>\r\n\t\t  <\/div>\r\n\t\t<\/div>\r\n\t\t\t\t<div class=\"carousel-caption\" style=\"background: none;\">\r\n\t\t  <div>\r\n\t\t  \t\t\t  \t\t<a class=\"\" href=\"https:\/\/irinabalescu.ro\/en\/procedure\/chirurgie-deschisa\/\" target=\"\" title=\"\" data-slide=\"false\" >\r\n\t\t\t\t\t\t\t\t\t  \t<img src=\"https:\/\/irinabalescu.ro\/wp-content\/uploads\/2023\/04\/Imagini-servicii_6_180423.jpg\" alt=\"\" class=\"ultimate-slide-img\" style=\"max-width: 100%; width: ; height: ; border-radius: ; margin-bottom: 15px;\">\r\n\t\t\t\t\t\t\t\t\t\t<\/a>\r\n\t\t\t\t\t  \t<span class=\"content-section\" style=\"text-align: center; display: block;\">\r\n\t\t  \t\t\t\t\t\t  \t<h2 class=\"tdt-slider-heading\" style=\"font-size: 22; color: ; font-weight: normal; line-height: 1;\">\r\n\t\t\t\t  \t\tOpen Surgery\t\t\t\t  \t<\/h2>\r\n\t\t\t  \t\t\t\t  \t\t\t\t\t  \t<span class=\"heading-line\" style=\"display: block;\">\r\n\t\t\t\t  \t\t<span class=\"heading-line\" style=\"width: 50; border-bottom: 0px solid #fff; display: inline-block;\"><\/span>\r\n\t\t\t\t  \t<\/span>\r\n\t\t\t  \t\t\t\t  \t\r\n\t\t\t  \t<\/p>\n<p style=\"text-align: center;\">This minimally invasive procedure involves making several abdominal peritoneal incisions...<\/p>\n<p><br>\r\n\r\n\t\t\t  \t\t\t\t\t  \t<span class=\"carousel_btn_span\" style=\"text-align: center;\">\r\n\t\t\t\t  \t\t<a href=\"https:\/\/irinabalescu.ro\/en\/procedure\/chirurgie-deschisa\/\" target=\"\" title=\"\" class=\"ultimate_carousel_btn\" style=\"padding: 15px 50px; font-size: 15px; border: 0px solid #fff; border-radius: 0px; color: #fff; background-color: #262680;\">\r\n\t\t\t\t\t  \t\tDETAILS\t\t\t\t\t  \t<\/a>\r\n\t\t\t\t\t<\/span>\r\n\t\t\t  \t\t\t  \t<\/span>\r\n\t\t  <\/div>\r\n\t\t<\/div>\n\t\t<\/section>\r\n\r\n\t\t<style>\r\n\t\t\t\t\t\t\t#tdt-slider-369 .slick-dots li button:before{\r\n\t\t\t\t\tcolor: #000000;\r\n\t\t\t\t\tfont-size: 30px !important;\r\n\t\t\t\t\tborder: 2px solid transparent;\r\n\t\t\t\t}\r\n\t\t\t\t#tdt-slider-369 .slick-dots {\r\n\t\t\t\t\tbottom:  !important;\r\n\t\t\t\t}\r\n\t\t\t\t\t\t\t\t\t#tdt-slider-369 .slick-slide {\r\n\t\t\t\tpadding: 0 10px 15px 10px !important;\r\n\t\t\t}\r\n\t\t\t#tdt-slider-369 .content-section *{\r\n\t\t\t\t;\r\n\t\t\t}\r\n\t\t\t\t\t<\/style>\r\n\t\t<\/div><\/div><\/div><\/div><div class=\"vc_row-full-width vc_clearfix\"><\/div><style data-id=\"designthemes\" type=\"text\/css\">.vc_custom_1681377146813{padding-top: 20px !important;padding-bottom: 0px !important;}<\/style><div  data-delay=\"0\" id=\"ae-margin-top-50\" class=\"vc_row wpb_row vc_row-fluid vc_custom_1681377146813\"><div class=\"wpb_column vc_column_container vc_col-sm-12\" data-delay=\"0\"><div class=\"vc_column-inner\"><div class=\"wpb_wrapper\"><\/div><\/div><\/div><style data-id=\"designthemes\" type=\"text\/css\">.vc_custom_1560235850705{padding-right: 0px !important;padding-left: 0px !important;}<\/style><div class=\"wpb_column vc_column_container vc_col-sm-2\" data-delay=\"0\"><div class=\"vc_column-inner vc_custom_1560235850705\"><div class=\"wpb_wrapper\"><\/div><\/div><\/div><style data-id=\"designthemes\" type=\"text\/css\">.vc_custom_1560235856625{padding-right: 0px !important;padding-left: 0px !important;}<\/style><div class=\"wpb_column vc_column_container vc_col-sm-4\" data-delay=\"0\"><div class=\"vc_column-inner vc_custom_1560235856625\"><div class=\"wpb_wrapper\"><div class='dt-sc-counter type2' data-delay='0'><div class='dt-sc-counter-icon-holder'><div class='icon-wrapper'><span class='fab fa-envira'> <\/span><\/div><div class='dt-sc-counter-number' data-value='15' >15<\/div><\/div><h4>Years experience<\/h4><\/div><\/div><\/div><\/div><style data-id=\"designthemes\" type=\"text\/css\">.vc_custom_1560235863026{padding-right: 0px !important;padding-left: 0px !important;}<\/style><div class=\"wpb_column vc_column_container vc_col-sm-4\" data-delay=\"0\"><div class=\"vc_column-inner vc_custom_1560235863026\"><div class=\"wpb_wrapper\"><div class='dt-sc-counter type2   last' data-delay='0'><div class='dt-sc-counter-icon-holder'><div class='icon-wrapper'><span class='fas fa-plus-square'> <\/span><\/div><div class='dt-sc-counter-number' data-value='2000' >2000<\/div><\/div><h4>Interventions<\/h4><\/div><\/div><\/div><\/div><div class=\"wpb_column vc_column_container vc_col-sm-2\" data-delay=\"0\"><div class=\"vc_column-inner\"><div class=\"wpb_wrapper\"><\/div><\/div><\/div><div class=\"wpb_column vc_column_container vc_col-sm-12\" data-delay=\"0\"><div class=\"vc_column-inner\"><div class=\"wpb_wrapper\"><div id=\"1560237643190-df299477-a460\" class=\"dt-sc-empty-space\"><\/div><\/div><\/div><\/div><\/div>\n<\/section>","protected":false},"excerpt":{"rendered":"ALEGE O VIAT\u0102 MAI BUN\u0102 Plicatura Gastric\u0103 Interven\u021bie chirurgical\u0103 destinat\u0103 pacien\u021bilor care sufer\u0103 de suprapondere \u0219i obezitate de grad... DETALII Gastric Bypass Una dintre cele mai solicitate interven\u021bii \u00eempotriva obezit\u0103\u021bii, \u00een special pentru pacien\u021bii cu diabet\u2026 DETALII Gastric Sleeve Este o interven\u021bie minim invaziv\u0103, \u00een care se realizeaz\u0103 mai multe bre\u0219e perietale abdominale\u2026 DETALII Chirurgie [...]","protected":false},"author":1,"featured_media":0,"parent":0,"menu_order":0,"comment_status":"closed","ping_status":"closed","template":"","meta":{"inline_featured_image":false},"yoast_head":"<!-- This site is optimized with the Yoast SEO plugin v20.5 - https:\/\/yoast.com\/wordpress\/plugins\/seo\/ -->\n<title>Interventii chirurgicale | Dr. Irina B\u0103lescu<\/title>\n<meta name=\"description\" content=\"Interventii chirurgicale de diferite grade de complexitate. Dr. Irina B\u0103lescu efectueaza o gama vasta de interventii chirurgicale moderne, laparoscopice.\" \/>\n<meta name=\"robots\" content=\"index, follow, max-snippet:-1, max-image-preview:large, max-video-preview:-1\" \/>\n<link rel=\"canonical\" href=\"https:\/\/irinabalescu.ro\/en\/interventii-chirurgicale\/\" \/>\n<meta property=\"og:locale\" content=\"en_GB\" \/>\n<meta property=\"og:type\" content=\"article\" \/>\n<meta property=\"og:title\" content=\"Interventii chirurgicale | Dr. Irina B\u0103lescu\" \/>\n<meta property=\"og:description\" content=\"Interventii chirurgicale de diferite grade de complexitate. Dr. Irina B\u0103lescu efectueaza o gama vasta de interventii chirurgicale moderne, laparoscopice.\" \/>\n<meta property=\"og:url\" content=\"https:\/\/irinabalescu.ro\/en\/interventii-chirurgicale\/\" \/>\n<meta property=\"og:site_name\" content=\"Dr. Irina Balescu\" \/>\n<meta property=\"article:modified_time\" content=\"2023-04-18T10:44:49+00:00\" \/>\n<meta name=\"twitter:card\" content=\"summary_large_image\" \/>\n<meta name=\"twitter:label1\" content=\"Estimated reading time\" \/>\n\t<meta name=\"twitter:data1\" content=\"3 minutes\" \/>\n<script type=\"application\/ld+json\" class=\"yoast-schema-graph\">{\"@context\":\"https:\/\/schema.org\",\"@graph\":[{\"@type\":\"WebPage\",\"@id\":\"https:\/\/irinabalescu.ro\/interventii-chirurgicale\/\",\"url\":\"https:\/\/irinabalescu.ro\/interventii-chirurgicale\/\",\"name\":\"Interventii chirurgicale | Dr. Irina B\u0103lescu\",\"isPartOf\":{\"@id\":\"https:\/\/irinabalescu.ro\/#website\"},\"datePublished\":\"2019-06-21T09:36:56+00:00\",\"dateModified\":\"2023-04-18T10:44:49+00:00\",\"description\":\"Interventii chirurgicale de diferite grade de complexitate. Dr. Irina B\u0103lescu efectueaza o gama vasta de interventii chirurgicale moderne, laparoscopice.\",\"breadcrumb\":{\"@id\":\"https:\/\/irinabalescu.ro\/interventii-chirurgicale\/#breadcrumb\"},\"inLanguage\":\"en-GB\",\"potentialAction\":[{\"@type\":\"ReadAction\",\"target\":[\"https:\/\/irinabalescu.ro\/interventii-chirurgicale\/\"]}]},{\"@type\":\"BreadcrumbList\",\"@id\":\"https:\/\/irinabalescu.ro\/interventii-chirurgicale\/#breadcrumb\",\"itemListElement\":[{\"@type\":\"ListItem\",\"position\":1,\"name\":\"Home\",\"item\":\"https:\/\/irinabalescu.ro\/\"},{\"@type\":\"ListItem\",\"position\":2,\"name\":\"Interven\u021bii chirurgicale\"}]},{\"@type\":\"WebSite\",\"@id\":\"https:\/\/irinabalescu.ro\/#website\",\"url\":\"https:\/\/irinabalescu.ro\/\",\"name\":\"Dr. Irina Balescu\",\"description\":\"Medic primar chirurgie general\u0103\",\"potentialAction\":[{\"@type\":\"SearchAction\",\"target\":{\"@type\":\"EntryPoint\",\"urlTemplate\":\"https:\/\/irinabalescu.ro\/?s={search_term_string}\"},\"query-input\":\"required name=search_term_string\"}],\"inLanguage\":\"en-GB\"}]}<\/script>\n<!-- \/ Yoast SEO plugin. -->","yoast_head_json":{"title":"Interventii chirurgicale | Dr. Irina B\u0103lescu","description":"Interventii chirurgicale de diferite grade de complexitate. Dr. Irina B\u0103lescu efectueaza o gama vasta de interventii chirurgicale moderne, laparoscopice.","robots":{"index":"index","follow":"follow","max-snippet":"max-snippet:-1","max-image-preview":"max-image-preview:large","max-video-preview":"max-video-preview:-1"},"canonical":"https:\/\/irinabalescu.ro\/en\/interventii-chirurgicale\/","og_locale":"en_GB","og_type":"article","og_title":"Interventii chirurgicale | Dr. Irina B\u0103lescu","og_description":"Interventii chirurgicale de diferite grade de complexitate. Dr. Irina B\u0103lescu efectueaza o gama vasta de interventii chirurgicale moderne, laparoscopice.","og_url":"https:\/\/irinabalescu.ro\/en\/interventii-chirurgicale\/","og_site_name":"Dr. Irina Balescu","article_modified_time":"2023-04-18T10:44:49+00:00","twitter_card":"summary_large_image","twitter_misc":{"Estimated reading time":"3 minutes"},"schema":{"@context":"https:\/\/schema.org","@graph":[{"@type":"WebPage","@id":"https:\/\/irinabalescu.ro\/interventii-chirurgicale\/","url":"https:\/\/irinabalescu.ro\/interventii-chirurgicale\/","name":"Interventii chirurgicale | Dr. Irina B\u0103lescu","isPartOf":{"@id":"https:\/\/irinabalescu.ro\/#website"},"datePublished":"2019-06-21T09:36:56+00:00","dateModified":"2023-04-18T10:44:49+00:00","description":"Interventii chirurgicale de diferite grade de complexitate. Dr. Irina B\u0103lescu efectueaza o gama vasta de interventii chirurgicale moderne, laparoscopice.","breadcrumb":{"@id":"https:\/\/irinabalescu.ro\/interventii-chirurgicale\/#breadcrumb"},"inLanguage":"en-GB","potentialAction":[{"@type":"ReadAction","target":["https:\/\/irinabalescu.ro\/interventii-chirurgicale\/"]}]},{"@type":"BreadcrumbList","@id":"https:\/\/irinabalescu.ro\/interventii-chirurgicale\/#breadcrumb","itemListElement":[{"@type":"ListItem","position":1,"name":"Home","item":"https:\/\/irinabalescu.ro\/"},{"@type":"ListItem","position":2,"name":"Interven\u021bii chirurgicale"}]},{"@type":"WebSite","@id":"https:\/\/irinabalescu.ro\/#website","url":"https:\/\/irinabalescu.ro\/","name":"Dr. Irina Balescu","description":"Medic primar chirurgie general\u0103","potentialAction":[{"@type":"SearchAction","target":{"@type":"EntryPoint","urlTemplate":"https:\/\/irinabalescu.ro\/?s={search_term_string}"},"query-input":"required name=search_term_string"}],"inLanguage":"en-GB"}]}},"_links":{"self":[{"href":"https:\/\/irinabalescu.ro\/en\/wp-json\/wp\/v2\/pages\/19835"}],"collection":[{"href":"https:\/\/irinabalescu.ro\/en\/wp-json\/wp\/v2\/pages"}],"about":[{"href":"https:\/\/irinabalescu.ro\/en\/wp-json\/wp\/v2\/types\/page"}],"author":[{"embeddable":true,"href":"https:\/\/irinabalescu.ro\/en\/wp-json\/wp\/v2\/users\/1"}],"replies":[{"embeddable":true,"href":"https:\/\/irinabalescu.ro\/en\/wp-json\/wp\/v2\/comments?post=19835"}],"version-history":[{"count":58,"href":"https:\/\/irinabalescu.ro\/en\/wp-json\/wp\/v2\/pages\/19835\/revisions"}],"predecessor-version":[{"id":22411,"href":"https:\/\/irinabalescu.ro\/en\/wp-json\/wp\/v2\/pages\/19835\/revisions\/22411"}],"wp:attachment":[{"href":"https:\/\/irinabalescu.ro\/en\/wp-json\/wp\/v2\/media?parent=19835"}],"curies":[{"name":"wp","href":"https:\/\/api.w.org\/{rel}","templated":true}]}}